{"id":44,"date":"2026-05-07T20:38:18","date_gmt":"2026-05-07T20:38:18","guid":{"rendered":"https:\/\/orbis.com.mx\/?page_id=44"},"modified":"2026-05-07T20:38:18","modified_gmt":"2026-05-07T20:38:18","slug":"quienes-somos","status":"publish","type":"page","link":"https:\/\/orbis.com.mx\/?page_id=44","title":{"rendered":"Quienes somos"},"content":{"rendered":"\n<p class=\"has-text-align-center has-contrast-color has-text-color has-link-color wp-elements-2622a8b1d9f968191f3c01bdeca0c414\">Contamos con m\u00e1s de 40 a\u00f1os de experiencia en el mercado. A lo largo de nuestra trayectoria hemos acompa\u00f1ado a clientes nacionales e internacionales en la b\u00fasqueda, selecci\u00f3n y adquisici\u00f3n o renta de propiedades, con un enfoque particular en entender sus necesidades, estilo de vida y objetivos a corto y largo plazo.<\/p>\n\n\n\n<p class=\"has-text-align-center\">Contamos con un conocimiento profundo de las zonas clave para expatriados, incluyendo \u00e1reas como Polanco, Lomas, Santa Fe, Condesa, Roma y Bosques de las Lomas, as\u00ed como experiencia en procesos de arrendamiento y compra, lo que nos permite facilitar transacciones seguras, \u00e1giles y alineadas con est\u00e1ndares internacionales.<\/p>\n\n\n\n<p>Nuestro servicio se distingue por:<\/p>\n\n\n\n<ul class=\"wp-block-list\">\n<li>Atenci\u00f3n personalizada y acompa\u00f1amiento integral durante todo el proceso<\/li>\n\n\n\n<li>Amplia red de contactos y acceso a propiedades exclusivas<\/li>\n\n\n\n<li>Transparencia, \u00e9tica profesional y absoluta confidencialidad<\/li>\n\n\n\n<li>Capacidad para comunicarnos y negociar eficazmente con clientes internacionales<\/li>\n<\/ul>\n\n\n\n<p class=\"has-text-align-center\">Entendemos la importancia de brindar una experiencia de aterrizaje fluida y confiable en la ciudad, nuestro compromiso es representar los intereses de cada cliente con profesionalismo, eficiencia y sensibilidad cultural<\/p>\n","protected":false},"excerpt":{"rendered":"<p>Contamos con m\u00e1s de 40 a\u00f1os de experiencia en el mercado. A lo largo de nuestra trayectoria hemos acompa\u00f1ado a clientes nacionales e internacionales en la b\u00fasqueda, selecci\u00f3n y adquisici\u00f3n o renta de propiedades, con un enfoque particular en entender sus necesidades, estilo de vida y objetivos a corto y largo plazo. Contamos con un &hellip; <\/p>\n<p class=\"link-more\"><a href=\"https:\/\/orbis.com.mx\/?page_id=44\" class=\"more-link\">Continuar leyendo<span class=\"screen-reader-text\"> &#8220;Quienes somos&#8221;<\/span><\/a><\/p>\n","protected":false},"author":1,"featured_media":0,"parent":0,"menu_order":0,"comment_status":"closed","ping_status":"closed","template":"","meta":{"footnotes":""},"class_list":["post-44","page","type-page","status-publish","hentry"],"_links":{"self":[{"href":"https:\/\/orbis.com.mx\/index.php?rest_route=\/wp\/v2\/pages\/44","targetHints":{"allow":["GET"]}}],"collection":[{"href":"https:\/\/orbis.com.mx\/index.php?rest_route=\/wp\/v2\/pages"}],"about":[{"href":"https:\/\/orbis.com.mx\/index.php?rest_route=\/wp\/v2\/types\/page"}],"author":[{"embeddable":true,"href":"https:\/\/orbis.com.mx\/index.php?rest_route=\/wp\/v2\/users\/1"}],"replies":[{"embeddable":true,"href":"https:\/\/orbis.com.mx\/index.php?rest_route=%2Fwp%2Fv2%2Fcomments&post=44"}],"version-history":[{"count":3,"href":"https:\/\/orbis.com.mx\/index.php?rest_route=\/wp\/v2\/pages\/44\/revisions"}],"predecessor-version":[{"id":70,"href":"https:\/\/orbis.com.mx\/index.php?rest_route=\/wp\/v2\/pages\/44\/revisions\/70"}],"wp:attachment":[{"href":"https:\/\/orbis.com.mx\/index.php?rest_route=%2Fwp%2Fv2%2Fmedia&parent=44"}],"curies":[{"name":"wp","href":"https:\/\/api.w.org\/{rel}","templated":true}]}}